{"id":128,"date":"2026-04-08T18:56:13","date_gmt":"2026-04-08T18:56:13","guid":{"rendered":"https:\/\/colegio.comfatolima.com.co\/index.php\/basica-primaria\/"},"modified":"2026-04-08T18:58:20","modified_gmt":"2026-04-08T18:58:20","slug":"basica-primaria","status":"publish","type":"page","link":"https:\/\/micolegiocomfatolima.edu.co\/index.php\/basica-primaria\/","title":{"rendered":"B\u00e1sica Primaria"},"content":{"rendered":"\n<p>Este ciclo lo constituye los grados de primero a quinto, en donde se cimentan las bases para la apropiaci\u00f3n de un pensamiento y una conciencia ecol\u00f3gica por medio del reconocimiento los entornos vivo, f\u00edsico y de ciencia y tecnolog\u00eda. As\u00ed mismo se forma al estudiantes en valores humanos, las competencias ciudadanas y afectivas por medio de estrategias pedag\u00f3gicas participativas, con el apoyo de las nuevas tecnolog\u00edas.<\/p>\n\n\n\n<p>Por su parte la lectura juega un papel importante \u201cpara enriquecer la dimensi\u00f3n humana, la visi\u00f3n del mundo y su concepci\u00f3n social a trav\u00e9s de la expresi\u00f3n propia, potenciada por la est\u00e9tica del lenguaje\u201d (MEN, 2010), por esto en el colegio Comfatolima se desarrollan los talleres de escritura y literatura tomando como punto de partida para el aprendizaje el placer de leer poemas, novelas, cuentos y otras creaciones literarias que le den significado a los estudiantes y les permitan el desarrollo de las competencias Interpretativas, argumentativas y propositivas.<\/p>\n","protected":false},"excerpt":{"rendered":"<p>Este ciclo lo constituye los grados de primero a quinto, en donde se cimentan las bases para la apropiaci\u00f3n de un pensamiento y una conciencia ecol\u00f3gica por medio del reconocimiento los entornos vivo, f\u00edsico y de ciencia y tecnolog\u00eda. As\u00ed mismo se forma al estudiantes en valores humanos, las competencias ciudadanas y afectivas por medio [&hellip;]<\/p>\n","protected":false},"author":1,"featured_media":0,"parent":0,"menu_order":0,"comment_status":"closed","ping_status":"closed","template":"","meta":{"footnotes":""},"class_list":["post-128","page","type-page","status-publish","hentry"],"yoast_head":"<!-- This site is optimized with the Yoast SEO plugin v27.3 - https:\/\/yoast.com\/product\/yoast-seo-wordpress\/ -->\n<title>B\u00e1sica Primaria - colegio comfatolima Ana Julia Su\u00e1rez de Zorroza<\/title>\n<meta name=\"robots\" content=\"index, follow, max-snippet:-1, max-image-preview:large, max-video-preview:-1\" \/>\n<link rel=\"canonical\" href=\"https:\/\/micolegiocomfatolima.edu.co\/index.php\/basica-primaria\/\" \/>\n<meta property=\"og:locale\" content=\"es_ES\" \/>\n<meta property=\"og:type\" content=\"article\" \/>\n<meta property=\"og:title\" content=\"B\u00e1sica Primaria - colegio comfatolima Ana Julia Su\u00e1rez de Zorroza\" \/>\n<meta property=\"og:description\" content=\"Este ciclo lo constituye los grados de primero a quinto, en donde se cimentan las bases para la apropiaci\u00f3n de un pensamiento y una conciencia ecol\u00f3gica por medio del reconocimiento los entornos vivo, f\u00edsico y de ciencia y tecnolog\u00eda. As\u00ed mismo se forma al estudiantes en valores humanos, las competencias ciudadanas y afectivas por medio [&hellip;]\" \/>\n<meta property=\"og:url\" content=\"https:\/\/micolegiocomfatolima.edu.co\/index.php\/basica-primaria\/\" \/>\n<meta property=\"og:site_name\" content=\"colegio comfatolima Ana Julia Su\u00e1rez de Zorroza\" \/>\n<meta property=\"article:modified_time\" content=\"2026-04-08T18:58:20+00:00\" \/>\n<meta name=\"twitter:card\" content=\"summary_large_image\" \/>\n<meta name=\"twitter:label1\" content=\"Tiempo de lectura\" \/>\n\t<meta name=\"twitter:data1\" content=\"1 minuto\" \/>\n<script type=\"application\/ld+json\" class=\"yoast-schema-graph\">{\"@context\":\"https:\\\/\\\/schema.org\",\"@graph\":[{\"@type\":\"WebPage\",\"@id\":\"https:\\\/\\\/micolegiocomfatolima.edu.co\\\/index.php\\\/basica-primaria\\\/\",\"url\":\"https:\\\/\\\/micolegiocomfatolima.edu.co\\\/index.php\\\/basica-primaria\\\/\",\"name\":\"B\u00e1sica Primaria - colegio comfatolima Ana Julia Su\u00e1rez de Zorroza\",\"isPartOf\":{\"@id\":\"https:\\\/\\\/micolegiocomfatolima.edu.co\\\/#website\"},\"datePublished\":\"2026-04-08T18:56:13+00:00\",\"dateModified\":\"2026-04-08T18:58:20+00:00\",\"breadcrumb\":{\"@id\":\"https:\\\/\\\/micolegiocomfatolima.edu.co\\\/index.php\\\/basica-primaria\\\/#breadcrumb\"},\"inLanguage\":\"es\",\"potentialAction\":[{\"@type\":\"ReadAction\",\"target\":[\"https:\\\/\\\/micolegiocomfatolima.edu.co\\\/index.php\\\/basica-primaria\\\/\"]}]},{\"@type\":\"BreadcrumbList\",\"@id\":\"https:\\\/\\\/micolegiocomfatolima.edu.co\\\/index.php\\\/basica-primaria\\\/#breadcrumb\",\"itemListElement\":[{\"@type\":\"ListItem\",\"position\":1,\"name\":\"Portada\",\"item\":\"https:\\\/\\\/micolegiocomfatolima.edu.co\\\/\"},{\"@type\":\"ListItem\",\"position\":2,\"name\":\"B\u00e1sica Primaria\"}]},{\"@type\":\"WebSite\",\"@id\":\"https:\\\/\\\/micolegiocomfatolima.edu.co\\\/#website\",\"url\":\"https:\\\/\\\/micolegiocomfatolima.edu.co\\\/\",\"name\":\"colegio comfatolima Ana Julia Su\u00e1rez de Zorroza\",\"description\":\"\",\"publisher\":{\"@id\":\"https:\\\/\\\/micolegiocomfatolima.edu.co\\\/#organization\"},\"potentialAction\":[{\"@type\":\"SearchAction\",\"target\":{\"@type\":\"EntryPoint\",\"urlTemplate\":\"https:\\\/\\\/micolegiocomfatolima.edu.co\\\/?s={search_term_string}\"},\"query-input\":{\"@type\":\"PropertyValueSpecification\",\"valueRequired\":true,\"valueName\":\"search_term_string\"}}],\"inLanguage\":\"es\"},{\"@type\":\"Organization\",\"@id\":\"https:\\\/\\\/micolegiocomfatolima.edu.co\\\/#organization\",\"name\":\"colegio comfatolima Ana Julia Su\u00e1rez de Zorroza\",\"url\":\"https:\\\/\\\/micolegiocomfatolima.edu.co\\\/\",\"logo\":{\"@type\":\"ImageObject\",\"inLanguage\":\"es\",\"@id\":\"https:\\\/\\\/micolegiocomfatolima.edu.co\\\/#\\\/schema\\\/logo\\\/image\\\/\",\"url\":\"https:\\\/\\\/micolegiocomfatolima.edu.co\\\/wp-content\\\/uploads\\\/2026\\\/04\\\/colegio-comfatolima.png\",\"contentUrl\":\"https:\\\/\\\/micolegiocomfatolima.edu.co\\\/wp-content\\\/uploads\\\/2026\\\/04\\\/colegio-comfatolima.png\",\"width\":203,\"height\":150,\"caption\":\"colegio comfatolima Ana Julia Su\u00e1rez de Zorroza\"},\"image\":{\"@id\":\"https:\\\/\\\/micolegiocomfatolima.edu.co\\\/#\\\/schema\\\/logo\\\/image\\\/\"}}]}<\/script>\n<!-- \/ Yoast SEO plugin. -->","yoast_head_json":{"title":"B\u00e1sica Primaria - colegio comfatolima Ana Julia Su\u00e1rez de Zorroza","robots":{"index":"index","follow":"follow","max-snippet":"max-snippet:-1","max-image-preview":"max-image-preview:large","max-video-preview":"max-video-preview:-1"},"canonical":"https:\/\/micolegiocomfatolima.edu.co\/index.php\/basica-primaria\/","og_locale":"es_ES","og_type":"article","og_title":"B\u00e1sica Primaria - colegio comfatolima Ana Julia Su\u00e1rez de Zorroza","og_description":"Este ciclo lo constituye los grados de primero a quinto, en donde se cimentan las bases para la apropiaci\u00f3n de un pensamiento y una conciencia ecol\u00f3gica por medio del reconocimiento los entornos vivo, f\u00edsico y de ciencia y tecnolog\u00eda. As\u00ed mismo se forma al estudiantes en valores humanos, las competencias ciudadanas y afectivas por medio [&hellip;]","og_url":"https:\/\/micolegiocomfatolima.edu.co\/index.php\/basica-primaria\/","og_site_name":"colegio comfatolima Ana Julia Su\u00e1rez de Zorroza","article_modified_time":"2026-04-08T18:58:20+00:00","twitter_card":"summary_large_image","twitter_misc":{"Tiempo de lectura":"1 minuto"},"schema":{"@context":"https:\/\/schema.org","@graph":[{"@type":"WebPage","@id":"https:\/\/micolegiocomfatolima.edu.co\/index.php\/basica-primaria\/","url":"https:\/\/micolegiocomfatolima.edu.co\/index.php\/basica-primaria\/","name":"B\u00e1sica Primaria - colegio comfatolima Ana Julia Su\u00e1rez de Zorroza","isPartOf":{"@id":"https:\/\/micolegiocomfatolima.edu.co\/#website"},"datePublished":"2026-04-08T18:56:13+00:00","dateModified":"2026-04-08T18:58:20+00:00","breadcrumb":{"@id":"https:\/\/micolegiocomfatolima.edu.co\/index.php\/basica-primaria\/#breadcrumb"},"inLanguage":"es","potentialAction":[{"@type":"ReadAction","target":["https:\/\/micolegiocomfatolima.edu.co\/index.php\/basica-primaria\/"]}]},{"@type":"BreadcrumbList","@id":"https:\/\/micolegiocomfatolima.edu.co\/index.php\/basica-primaria\/#breadcrumb","itemListElement":[{"@type":"ListItem","position":1,"name":"Portada","item":"https:\/\/micolegiocomfatolima.edu.co\/"},{"@type":"ListItem","position":2,"name":"B\u00e1sica Primaria"}]},{"@type":"WebSite","@id":"https:\/\/micolegiocomfatolima.edu.co\/#website","url":"https:\/\/micolegiocomfatolima.edu.co\/","name":"colegio comfatolima Ana Julia Su\u00e1rez de Zorroza","description":"","publisher":{"@id":"https:\/\/micolegiocomfatolima.edu.co\/#organization"},"potentialAction":[{"@type":"SearchAction","target":{"@type":"EntryPoint","urlTemplate":"https:\/\/micolegiocomfatolima.edu.co\/?s={search_term_string}"},"query-input":{"@type":"PropertyValueSpecification","valueRequired":true,"valueName":"search_term_string"}}],"inLanguage":"es"},{"@type":"Organization","@id":"https:\/\/micolegiocomfatolima.edu.co\/#organization","name":"colegio comfatolima Ana Julia Su\u00e1rez de Zorroza","url":"https:\/\/micolegiocomfatolima.edu.co\/","logo":{"@type":"ImageObject","inLanguage":"es","@id":"https:\/\/micolegiocomfatolima.edu.co\/#\/schema\/logo\/image\/","url":"https:\/\/micolegiocomfatolima.edu.co\/wp-content\/uploads\/2026\/04\/colegio-comfatolima.png","contentUrl":"https:\/\/micolegiocomfatolima.edu.co\/wp-content\/uploads\/2026\/04\/colegio-comfatolima.png","width":203,"height":150,"caption":"colegio comfatolima Ana Julia Su\u00e1rez de Zorroza"},"image":{"@id":"https:\/\/micolegiocomfatolima.edu.co\/#\/schema\/logo\/image\/"}}]}},"_links":{"self":[{"href":"https:\/\/micolegiocomfatolima.edu.co\/index.php\/wp-json\/wp\/v2\/pages\/128","targetHints":{"allow":["GET"]}}],"collection":[{"href":"https:\/\/micolegiocomfatolima.edu.co\/index.php\/wp-json\/wp\/v2\/pages"}],"about":[{"href":"https:\/\/micolegiocomfatolima.edu.co\/index.php\/wp-json\/wp\/v2\/types\/page"}],"author":[{"embeddable":true,"href":"https:\/\/micolegiocomfatolima.edu.co\/index.php\/wp-json\/wp\/v2\/users\/1"}],"replies":[{"embeddable":true,"href":"https:\/\/micolegiocomfatolima.edu.co\/index.php\/wp-json\/wp\/v2\/comments?post=128"}],"version-history":[{"count":1,"href":"https:\/\/micolegiocomfatolima.edu.co\/index.php\/wp-json\/wp\/v2\/pages\/128\/revisions"}],"predecessor-version":[{"id":132,"href":"https:\/\/micolegiocomfatolima.edu.co\/index.php\/wp-json\/wp\/v2\/pages\/128\/revisions\/132"}],"wp:attachment":[{"href":"https:\/\/micolegiocomfatolima.edu.co\/index.php\/wp-json\/wp\/v2\/media?parent=128"}],"curies":[{"name":"wp","href":"https:\/\/api.w.org\/{rel}","templated":true}]}}