{"id":68,"date":"2026-04-07T22:53:35","date_gmt":"2026-04-07T22:53:35","guid":{"rendered":"https:\/\/colegio.comfatolima.com.co\/index.php\/valores-institucionales\/"},"modified":"2026-04-08T15:32:23","modified_gmt":"2026-04-08T15:32:23","slug":"valores-institucionales","status":"publish","type":"page","link":"https:\/\/micolegiocomfatolima.edu.co\/index.php\/valores-institucionales\/","title":{"rendered":"Valores Institucionales"},"content":{"rendered":"\n<h3 class=\"wp-block-heading\">Misi\u00f3n<\/h3>\n\n\n\n<p>Brindamos Educaci\u00f3n Integral en los niveles de Preescolar, B\u00e1sica y Media, para la formaci\u00f3n de ciudadanos \u00edntegros, responsables, competitivos y con grandes valores humanos, que contribuyan en la construcci\u00f3n de una mejor sociedad.<\/p>\n\n\n\n<h3 class=\"wp-block-heading\">Visi\u00f3n<\/h3>\n\n\n\n<p>El Colegio Comfatolima \u201cAna Julia Su\u00e1rez de Zorroza\u201d ser\u00e1 una Instituci\u00f3n Educativa Reconocida a nivel regional por su Excelencia Acad\u00e9mica y la formaci\u00f3n de Ciudadanos Integrales.<\/p>\n\n\n\n<h3 class=\"wp-block-heading\">Filosof\u00eda<\/h3>\n\n\n\n<p>La Instituci\u00f3n Educativa COMFATOLIMA Ana Julia Su\u00e1rez de Zorroza, brinda ambientes acad\u00e9micos propicios para que sus estudiantes apropien aprendizajes significativos, desarrollen capacidades, actitudes, sentimientos, conocimientos y asuman valores \u00e9ticos, morales y culturales que incidan en el mejoramiento de su calidad de vida.<\/p>\n\n\n\n<p>La formaci\u00f3n integral del educando es la prioridad hacia el pleno desarrollo de la personalidad, en el respeto a los derechos humanos, la democracia, y la cultura regional y nacional, en la pr\u00e1ctica del trabajo, aplicando conocimientos tanto acad\u00e9micos como formativos (promoci\u00f3n y preservaci\u00f3n de la salud, desarrollo de valores y compromisos con la ecolog\u00eda y el medio ambiente, la utilizaci\u00f3n del tiempo libre en actividades deportivas y l\u00fadicas).<\/p>\n\n\n\n<h3 class=\"wp-block-heading\">Principios Institucionales<\/h3>\n\n\n\n<p>Son los soportes vitales de la Instituci\u00f3n. Los constituyen, los valores, reglas, creencias, conocimientos y costumbres que regulan la vida de la organizaci\u00f3n:<\/p>\n\n\n\n<p><strong>COHERENCIA:<\/strong> Ser acorde entre lo que se Piensa, Siente, Dice y Act\u00faa.<br><strong>SABIDUR\u00cdA<\/strong>: Proceso a construir a trav\u00e9s de la vida y motivado desde la infancia, reforzada por el sistema educativo.<br><strong>LEALTAD<\/strong>: La fidelidad como actitud de gratitud que genera compromiso y constancia.<br><strong>JUSTICIA<\/strong>: B\u00fasqueda del bien com\u00fan, trato equitativo, imparcialidad, escucha.<br><strong>SOLIDARIDAD<\/strong>: Apoyo al necesitado, unidad para las causas nobles.<br><strong>LIDERAZGO<\/strong>: Direcci\u00f3n sabia para transformar pensamientos en beneficio com\u00fan.<br><strong>COMUNICACI\u00d3N<\/strong>: Medio interactivo de relacionarse, sana convivencia.<br><strong>TOLERANCIA<\/strong>: Aceptaci\u00f3n del otro, respeto a la diferencia.<br><strong>AUTOESTIMA<\/strong>: Capacidad de amarse a s\u00ed mismo y apreciar cuanto se tiene en la vida.<br><strong>HONESTIDAD<\/strong>: Cualidad humana, comportarse con coherencia, rectitud, honradez.<br><strong>LA AUTONOM\u00cdA<\/strong>: Capacidad auto normativa responsable.<br><strong>EPISTEMOLOGIA<\/strong>: Adquisici\u00f3n de conocimiento cient\u00edfico analizando los hechos de manera cr\u00edtica, reflexiva y contextualizada.<\/p>\n","protected":false},"excerpt":{"rendered":"<p>Misi\u00f3n Brindamos Educaci\u00f3n Integral en los niveles de Preescolar, B\u00e1sica y Media, para la formaci\u00f3n de ciudadanos \u00edntegros, responsables, competitivos y con grandes valores humanos, que contribuyan en la construcci\u00f3n de una mejor sociedad. Visi\u00f3n El Colegio Comfatolima \u201cAna Julia Su\u00e1rez de Zorroza\u201d ser\u00e1 una Instituci\u00f3n Educativa Reconocida a nivel regional por su Excelencia Acad\u00e9mica [&hellip;]<\/p>\n","protected":false},"author":1,"featured_media":53,"parent":0,"menu_order":0,"comment_status":"closed","ping_status":"closed","template":"","meta":{"footnotes":""},"class_list":["post-68","page","type-page","status-publish","has-post-thumbnail","hentry"],"yoast_head":"<!-- This site is optimized with the Yoast SEO plugin v27.3 - https:\/\/yoast.com\/product\/yoast-seo-wordpress\/ -->\n<title>Valores Institucionales - colegio comfatolima Ana Julia Su\u00e1rez de Zorroza<\/title>\n<meta name=\"robots\" content=\"index, follow, max-snippet:-1, max-image-preview:large, max-video-preview:-1\" \/>\n<link rel=\"canonical\" href=\"https:\/\/micolegiocomfatolima.edu.co\/index.php\/valores-institucionales\/\" \/>\n<meta property=\"og:locale\" content=\"es_ES\" \/>\n<meta property=\"og:type\" content=\"article\" \/>\n<meta property=\"og:title\" content=\"Valores Institucionales - colegio comfatolima Ana Julia Su\u00e1rez de Zorroza\" \/>\n<meta property=\"og:description\" content=\"Misi\u00f3n Brindamos Educaci\u00f3n Integral en los niveles de Preescolar, B\u00e1sica y Media, para la formaci\u00f3n de ciudadanos \u00edntegros, responsables, competitivos y con grandes valores humanos, que contribuyan en la construcci\u00f3n de una mejor sociedad. Visi\u00f3n El Colegio Comfatolima \u201cAna Julia Su\u00e1rez de Zorroza\u201d ser\u00e1 una Instituci\u00f3n Educativa Reconocida a nivel regional por su Excelencia Acad\u00e9mica [&hellip;]\" \/>\n<meta property=\"og:url\" content=\"https:\/\/micolegiocomfatolima.edu.co\/index.php\/valores-institucionales\/\" \/>\n<meta property=\"og:site_name\" content=\"colegio comfatolima Ana Julia Su\u00e1rez de Zorroza\" \/>\n<meta property=\"article:modified_time\" content=\"2026-04-08T15:32:23+00:00\" \/>\n<meta property=\"og:image\" content=\"https:\/\/micolegiocomfatolima.edu.co\/wp-content\/uploads\/2026\/04\/IMG_20260407_112516540_HDR.jpg\" \/>\n\t<meta property=\"og:image:width\" content=\"2048\" \/>\n\t<meta property=\"og:image:height\" content=\"1536\" \/>\n\t<meta property=\"og:image:type\" content=\"image\/jpeg\" \/>\n<meta name=\"twitter:card\" content=\"summary_large_image\" \/>\n<meta name=\"twitter:label1\" content=\"Tiempo de lectura\" \/>\n\t<meta name=\"twitter:data1\" content=\"2 minutos\" \/>\n<script type=\"application\/ld+json\" class=\"yoast-schema-graph\">{\"@context\":\"https:\\\/\\\/schema.org\",\"@graph\":[{\"@type\":\"WebPage\",\"@id\":\"https:\\\/\\\/micolegiocomfatolima.edu.co\\\/index.php\\\/valores-institucionales\\\/\",\"url\":\"https:\\\/\\\/micolegiocomfatolima.edu.co\\\/index.php\\\/valores-institucionales\\\/\",\"name\":\"Valores Institucionales - colegio comfatolima Ana Julia Su\u00e1rez de Zorroza\",\"isPartOf\":{\"@id\":\"https:\\\/\\\/micolegiocomfatolima.edu.co\\\/#website\"},\"primaryImageOfPage\":{\"@id\":\"https:\\\/\\\/micolegiocomfatolima.edu.co\\\/index.php\\\/valores-institucionales\\\/#primaryimage\"},\"image\":{\"@id\":\"https:\\\/\\\/micolegiocomfatolima.edu.co\\\/index.php\\\/valores-institucionales\\\/#primaryimage\"},\"thumbnailUrl\":\"https:\\\/\\\/micolegiocomfatolima.edu.co\\\/wp-content\\\/uploads\\\/2026\\\/04\\\/IMG_20260407_112516540_HDR.jpg\",\"datePublished\":\"2026-04-07T22:53:35+00:00\",\"dateModified\":\"2026-04-08T15:32:23+00:00\",\"breadcrumb\":{\"@id\":\"https:\\\/\\\/micolegiocomfatolima.edu.co\\\/index.php\\\/valores-institucionales\\\/#breadcrumb\"},\"inLanguage\":\"es\",\"potentialAction\":[{\"@type\":\"ReadAction\",\"target\":[\"https:\\\/\\\/micolegiocomfatolima.edu.co\\\/index.php\\\/valores-institucionales\\\/\"]}]},{\"@type\":\"ImageObject\",\"inLanguage\":\"es\",\"@id\":\"https:\\\/\\\/micolegiocomfatolima.edu.co\\\/index.php\\\/valores-institucionales\\\/#primaryimage\",\"url\":\"https:\\\/\\\/micolegiocomfatolima.edu.co\\\/wp-content\\\/uploads\\\/2026\\\/04\\\/IMG_20260407_112516540_HDR.jpg\",\"contentUrl\":\"https:\\\/\\\/micolegiocomfatolima.edu.co\\\/wp-content\\\/uploads\\\/2026\\\/04\\\/IMG_20260407_112516540_HDR.jpg\",\"width\":2048,\"height\":1536,\"caption\":\"Auditorio\"},{\"@type\":\"BreadcrumbList\",\"@id\":\"https:\\\/\\\/micolegiocomfatolima.edu.co\\\/index.php\\\/valores-institucionales\\\/#breadcrumb\",\"itemListElement\":[{\"@type\":\"ListItem\",\"position\":1,\"name\":\"Portada\",\"item\":\"https:\\\/\\\/micolegiocomfatolima.edu.co\\\/\"},{\"@type\":\"ListItem\",\"position\":2,\"name\":\"Valores Institucionales\"}]},{\"@type\":\"WebSite\",\"@id\":\"https:\\\/\\\/micolegiocomfatolima.edu.co\\\/#website\",\"url\":\"https:\\\/\\\/micolegiocomfatolima.edu.co\\\/\",\"name\":\"colegio comfatolima Ana Julia Su\u00e1rez de Zorroza\",\"description\":\"\",\"publisher\":{\"@id\":\"https:\\\/\\\/micolegiocomfatolima.edu.co\\\/#organization\"},\"potentialAction\":[{\"@type\":\"SearchAction\",\"target\":{\"@type\":\"EntryPoint\",\"urlTemplate\":\"https:\\\/\\\/micolegiocomfatolima.edu.co\\\/?s={search_term_string}\"},\"query-input\":{\"@type\":\"PropertyValueSpecification\",\"valueRequired\":true,\"valueName\":\"search_term_string\"}}],\"inLanguage\":\"es\"},{\"@type\":\"Organization\",\"@id\":\"https:\\\/\\\/micolegiocomfatolima.edu.co\\\/#organization\",\"name\":\"colegio comfatolima Ana Julia Su\u00e1rez de Zorroza\",\"url\":\"https:\\\/\\\/micolegiocomfatolima.edu.co\\\/\",\"logo\":{\"@type\":\"ImageObject\",\"inLanguage\":\"es\",\"@id\":\"https:\\\/\\\/micolegiocomfatolima.edu.co\\\/#\\\/schema\\\/logo\\\/image\\\/\",\"url\":\"https:\\\/\\\/micolegiocomfatolima.edu.co\\\/wp-content\\\/uploads\\\/2026\\\/04\\\/colegio-comfatolima.png\",\"contentUrl\":\"https:\\\/\\\/micolegiocomfatolima.edu.co\\\/wp-content\\\/uploads\\\/2026\\\/04\\\/colegio-comfatolima.png\",\"width\":203,\"height\":150,\"caption\":\"colegio comfatolima Ana Julia Su\u00e1rez de Zorroza\"},\"image\":{\"@id\":\"https:\\\/\\\/micolegiocomfatolima.edu.co\\\/#\\\/schema\\\/logo\\\/image\\\/\"}}]}<\/script>\n<!-- \/ Yoast SEO plugin. -->","yoast_head_json":{"title":"Valores Institucionales - colegio comfatolima Ana Julia Su\u00e1rez de Zorroza","robots":{"index":"index","follow":"follow","max-snippet":"max-snippet:-1","max-image-preview":"max-image-preview:large","max-video-preview":"max-video-preview:-1"},"canonical":"https:\/\/micolegiocomfatolima.edu.co\/index.php\/valores-institucionales\/","og_locale":"es_ES","og_type":"article","og_title":"Valores Institucionales - colegio comfatolima Ana Julia Su\u00e1rez de Zorroza","og_description":"Misi\u00f3n Brindamos Educaci\u00f3n Integral en los niveles de Preescolar, B\u00e1sica y Media, para la formaci\u00f3n de ciudadanos \u00edntegros, responsables, competitivos y con grandes valores humanos, que contribuyan en la construcci\u00f3n de una mejor sociedad. Visi\u00f3n El Colegio Comfatolima \u201cAna Julia Su\u00e1rez de Zorroza\u201d ser\u00e1 una Instituci\u00f3n Educativa Reconocida a nivel regional por su Excelencia Acad\u00e9mica [&hellip;]","og_url":"https:\/\/micolegiocomfatolima.edu.co\/index.php\/valores-institucionales\/","og_site_name":"colegio comfatolima Ana Julia Su\u00e1rez de Zorroza","article_modified_time":"2026-04-08T15:32:23+00:00","og_image":[{"width":2048,"height":1536,"url":"https:\/\/micolegiocomfatolima.edu.co\/wp-content\/uploads\/2026\/04\/IMG_20260407_112516540_HDR.jpg","type":"image\/jpeg"}],"twitter_card":"summary_large_image","twitter_misc":{"Tiempo de lectura":"2 minutos"},"schema":{"@context":"https:\/\/schema.org","@graph":[{"@type":"WebPage","@id":"https:\/\/micolegiocomfatolima.edu.co\/index.php\/valores-institucionales\/","url":"https:\/\/micolegiocomfatolima.edu.co\/index.php\/valores-institucionales\/","name":"Valores Institucionales - colegio comfatolima Ana Julia Su\u00e1rez de Zorroza","isPartOf":{"@id":"https:\/\/micolegiocomfatolima.edu.co\/#website"},"primaryImageOfPage":{"@id":"https:\/\/micolegiocomfatolima.edu.co\/index.php\/valores-institucionales\/#primaryimage"},"image":{"@id":"https:\/\/micolegiocomfatolima.edu.co\/index.php\/valores-institucionales\/#primaryimage"},"thumbnailUrl":"https:\/\/micolegiocomfatolima.edu.co\/wp-content\/uploads\/2026\/04\/IMG_20260407_112516540_HDR.jpg","datePublished":"2026-04-07T22:53:35+00:00","dateModified":"2026-04-08T15:32:23+00:00","breadcrumb":{"@id":"https:\/\/micolegiocomfatolima.edu.co\/index.php\/valores-institucionales\/#breadcrumb"},"inLanguage":"es","potentialAction":[{"@type":"ReadAction","target":["https:\/\/micolegiocomfatolima.edu.co\/index.php\/valores-institucionales\/"]}]},{"@type":"ImageObject","inLanguage":"es","@id":"https:\/\/micolegiocomfatolima.edu.co\/index.php\/valores-institucionales\/#primaryimage","url":"https:\/\/micolegiocomfatolima.edu.co\/wp-content\/uploads\/2026\/04\/IMG_20260407_112516540_HDR.jpg","contentUrl":"https:\/\/micolegiocomfatolima.edu.co\/wp-content\/uploads\/2026\/04\/IMG_20260407_112516540_HDR.jpg","width":2048,"height":1536,"caption":"Auditorio"},{"@type":"BreadcrumbList","@id":"https:\/\/micolegiocomfatolima.edu.co\/index.php\/valores-institucionales\/#breadcrumb","itemListElement":[{"@type":"ListItem","position":1,"name":"Portada","item":"https:\/\/micolegiocomfatolima.edu.co\/"},{"@type":"ListItem","position":2,"name":"Valores Institucionales"}]},{"@type":"WebSite","@id":"https:\/\/micolegiocomfatolima.edu.co\/#website","url":"https:\/\/micolegiocomfatolima.edu.co\/","name":"colegio comfatolima Ana Julia Su\u00e1rez de Zorroza","description":"","publisher":{"@id":"https:\/\/micolegiocomfatolima.edu.co\/#organization"},"potentialAction":[{"@type":"SearchAction","target":{"@type":"EntryPoint","urlTemplate":"https:\/\/micolegiocomfatolima.edu.co\/?s={search_term_string}"},"query-input":{"@type":"PropertyValueSpecification","valueRequired":true,"valueName":"search_term_string"}}],"inLanguage":"es"},{"@type":"Organization","@id":"https:\/\/micolegiocomfatolima.edu.co\/#organization","name":"colegio comfatolima Ana Julia Su\u00e1rez de Zorroza","url":"https:\/\/micolegiocomfatolima.edu.co\/","logo":{"@type":"ImageObject","inLanguage":"es","@id":"https:\/\/micolegiocomfatolima.edu.co\/#\/schema\/logo\/image\/","url":"https:\/\/micolegiocomfatolima.edu.co\/wp-content\/uploads\/2026\/04\/colegio-comfatolima.png","contentUrl":"https:\/\/micolegiocomfatolima.edu.co\/wp-content\/uploads\/2026\/04\/colegio-comfatolima.png","width":203,"height":150,"caption":"colegio comfatolima Ana Julia Su\u00e1rez de Zorroza"},"image":{"@id":"https:\/\/micolegiocomfatolima.edu.co\/#\/schema\/logo\/image\/"}}]}},"_links":{"self":[{"href":"https:\/\/micolegiocomfatolima.edu.co\/index.php\/wp-json\/wp\/v2\/pages\/68","targetHints":{"allow":["GET"]}}],"collection":[{"href":"https:\/\/micolegiocomfatolima.edu.co\/index.php\/wp-json\/wp\/v2\/pages"}],"about":[{"href":"https:\/\/micolegiocomfatolima.edu.co\/index.php\/wp-json\/wp\/v2\/types\/page"}],"author":[{"embeddable":true,"href":"https:\/\/micolegiocomfatolima.edu.co\/index.php\/wp-json\/wp\/v2\/users\/1"}],"replies":[{"embeddable":true,"href":"https:\/\/micolegiocomfatolima.edu.co\/index.php\/wp-json\/wp\/v2\/comments?post=68"}],"version-history":[{"count":1,"href":"https:\/\/micolegiocomfatolima.edu.co\/index.php\/wp-json\/wp\/v2\/pages\/68\/revisions"}],"predecessor-version":[{"id":91,"href":"https:\/\/micolegiocomfatolima.edu.co\/index.php\/wp-json\/wp\/v2\/pages\/68\/revisions\/91"}],"wp:featuredmedia":[{"embeddable":true,"href":"https:\/\/micolegiocomfatolima.edu.co\/index.php\/wp-json\/wp\/v2\/media\/53"}],"wp:attachment":[{"href":"https:\/\/micolegiocomfatolima.edu.co\/index.php\/wp-json\/wp\/v2\/media?parent=68"}],"curies":[{"name":"wp","href":"https:\/\/api.w.org\/{rel}","templated":true}]}}